{"id":2794,"date":"2022-08-22T07:01:22","date_gmt":"2022-08-22T07:01:22","guid":{"rendered":"https:\/\/demo.casethemes.net\/roofex\/?page_id=2794"},"modified":"2025-06-23T20:48:57","modified_gmt":"2025-06-23T20:48:57","slug":"faaliyet-alanlarimiz","status":"publish","type":"page","link":"https:\/\/fimakinsaat.com\/en\/faaliyet-alanlarimiz\/","title":{"rendered":"Areas of Activity"},"content":{"rendered":"<div data-elementor-type=\"wp-page\" data-elementor-id=\"2794\" class=\"elementor elementor-2794\">\n\t\t\t\t        <section class=\"elementor-section elementor-top-section elementor-element elementor-element-f0f1817 elementor-section-boxed elementor-section-height-default elementor-section-height-default pxl-type-header-none pxl-bg-color-none parallax-none pxl-row-scroll-none\" data-id=\"f0f1817\" data-element_type=\"section\" data-settings=\"{&quot;background_background&quot;:&quot;classic&quot;}\">\n\n                \n                <div class=\"elementor-container elementor-column-gap-default\">\n                <div class=\"elementor-column elementor-col-100 elementor-top-column elementor-element elementor-element-37c7c31 pxl_section_offset-none parallax-none pxl-container-width-container-1200 pxl-col-none pxl-column-none\" data-id=\"37c7c31\" data-element_type=\"column\">\r\n        <div class=\"elementor-widget-wrap elementor-element-populated\">\r\n                     \r\n        \t\t<div class=\"elementor-element elementor-element-a5a2ccc elementor-widget elementor-widget-pxl_heading\" data-id=\"a5a2ccc\" data-element_type=\"widget\" data-widget_type=\"pxl_heading.default\">\n\t\t\t\t<div class=\"elementor-widget-container\">\n\t\t\t\t\t<div class=\"pxl-heading Playfair Display\">\n\t<div class=\"pxl-heading--inner\">\n\t\t\t\t<h3 class=\"pxl-item--title  highlight-default\" data-wow-delay=\"ms\">\n\t\tAreas of Activity\t\t\n\t\t<\/h3>\n\t<\/div>\n<\/div>\n\n\t\t\t\t<\/div>\n\t\t\t\t<\/div>\n\t\t            <\/div>\r\n        <\/div>\r\n        \t\t\t<\/div>\n\t\t<\/section>\n\t\t        <section class=\"elementor-section elementor-top-section elementor-element elementor-element-7c23b04 elementor-section-boxed elementor-section-height-default elementor-section-height-default pxl-type-header-none pxl-bg-color-none parallax-none pxl-row-scroll-none\" data-id=\"7c23b04\" data-element_type=\"section\">\n\n                \n                <div class=\"elementor-container elementor-column-gap-default\">\n                <div class=\"elementor-column elementor-col-100 elementor-top-column elementor-element elementor-element-6f80902 pxl_section_offset-none parallax-none pxl-container-width-container-1200 pxl-col-none pxl-column-none\" data-id=\"6f80902\" data-element_type=\"column\">\r\n        <div class=\"elementor-widget-wrap elementor-element-populated\">\r\n                     \r\n        \t\t<div class=\"elementor-element elementor-element-48effeb pxl-post-layout-service-6 elementor-widget elementor-widget-pxl_post_grid\" data-id=\"48effeb\" data-element_type=\"widget\" data-widget_type=\"pxl_post_grid.default\">\n\t\t\t\t<div class=\"elementor-widget-container\">\n\t\t\t\t\t\r\n<div id=\"pxl_post_grid-48effeb-1094\" class=\"pxl-grid pxl-service-grid pxl-service-grid-layout6\" data-layout=\"masonry\" data-start-page=\"1\" data-max-pages=\"1\" data-total=\"6\" data-perpage=\"6\" data-next-link=\"\">\r\n    \r\n    <div class=\"pxl-grid-inner pxl-grid-masonry row\" data-gutter=\"15\">\r\n        <div class=\"grid-sizer col-xl-4 col-lg-4 col-md-6 col-sm-6 col-12\"><\/div>\r\n                    <div class=\"pxl-grid-item col-xl-4 col-lg-4 col-md-6 col-sm-6 col-12\">\n                <div class=\"pxl-item--inner\">\n                    <div class=\"pxl-item--image hover-imge-effect4\">\n                        <div class=\"wrap-feature\">\n                            <a href=\"https:\/\/fimakinsaat.com\/en\/service\/proje-yonetimi-ve-saha-koordinasyonu\/\"><img fetchpriority=\"high\" decoding=\"async\" class=\"no-lazyload\" src=\"https:\/\/fimakinsaat.com\/wp-content\/uploads\/2025\/06\/20250624_092900_0000-740x530.jpg\" width=\"740\" height=\"530\" alt=\"20250624_092900_0000\" title=\"20250624_092900_0000\" \/><\/a>\n                        <\/div>\n\n                    <\/div>\n                    <div class=\"pxl-item--holder\">\n                                                                        <h3 class=\"pxl-item--title\">\n                            <a href=\"https:\/\/fimakinsaat.com\/en\/service\/proje-yonetimi-ve-saha-koordinasyonu\/\">\n                             Project Management and Field Coordination                         <\/a>\n                     <\/h3>\n                     <div class=\"content-excerpt\">\n                        We effectively coordinate all field operations with project planning, material logistics, occupational health and safety, environmental management and on-time delivery.                    <\/div>\n\n                <\/div>\n                <div class=\"pxl-readmore\">\n                    <a href=\"https:\/\/fimakinsaat.com\/en\/service\/proje-yonetimi-ve-saha-koordinasyonu\/\"><span>Read More<\/span> <i class=\"fal fa-chevron-right\"><\/i><\/a>\n                <\/div>\n            <\/div>\n        <\/div>\n                    <div class=\"pxl-grid-item col-xl-4 col-lg-4 col-md-6 col-sm-6 col-12\">\n                <div class=\"pxl-item--inner\">\n                    <div class=\"pxl-item--image hover-imge-effect4\">\n                        <div class=\"wrap-feature\">\n                            <a href=\"https:\/\/fimakinsaat.com\/en\/service\/asfalt-serimi-ve-saha-isletmesi\/\"><img decoding=\"async\" class=\"no-lazyload\" src=\"https:\/\/fimakinsaat.com\/wp-content\/uploads\/2025\/06\/gfhgfsf-1.png\" width=\"740\" height=\"420\" alt=\"gfhgfsf-1\" title=\"gfhgfsf-1\" \/><\/a>\n                        <\/div>\n\n                    <\/div>\n                    <div class=\"pxl-item--holder\">\n                                                                        <h3 class=\"pxl-item--title\">\n                            <a href=\"https:\/\/fimakinsaat.com\/en\/service\/asfalt-serimi-ve-saha-isletmesi\/\">\n                             Asphalt Paving and Field Operation                         <\/a>\n                     <\/h3>\n                     <div class=\"content-excerpt\">\n                        We create long-lasting surfaces in field deliveries by meticulously carrying out asphalt paving with modern pavers, roller compaction and quality control processes.                    <\/div>\n\n                <\/div>\n                <div class=\"pxl-readmore\">\n                    <a href=\"https:\/\/fimakinsaat.com\/en\/service\/asfalt-serimi-ve-saha-isletmesi\/\"><span>Read More<\/span> <i class=\"fal fa-chevron-right\"><\/i><\/a>\n                <\/div>\n            <\/div>\n        <\/div>\n                    <div class=\"pxl-grid-item col-xl-4 col-lg-4 col-md-6 col-sm-6 col-12\">\n                <div class=\"pxl-item--inner\">\n                    <div class=\"pxl-item--image hover-imge-effect4\">\n                        <div class=\"wrap-feature\">\n                            <a href=\"https:\/\/fimakinsaat.com\/en\/service\/pmt-ve-pmat-katman-uygulamalari\/\"><img decoding=\"async\" class=\"no-lazyload\" src=\"https:\/\/fimakinsaat.com\/wp-content\/uploads\/2025\/06\/pmt-740x530.jpg\" width=\"740\" height=\"530\" alt=\"pmt\" title=\"pmt\" \/><\/a>\n                        <\/div>\n\n                    <\/div>\n                    <div class=\"pxl-item--holder\">\n                                                                        <h3 class=\"pxl-item--title\">\n                            <a href=\"https:\/\/fimakinsaat.com\/en\/service\/pmt-ve-pmat-katman-uygulamalari\/\">\n                             PMT and PMAT Layer Applications                         <\/a>\n                     <\/h3>\n                     <div class=\"content-excerpt\">\n                        We perform Prefabricated Module Course (PMT) and Asphalt Concrete (PMAT) applications in accordance with engineering standards in order to increase the load-bearing capacity of road and rail soils.                    <\/div>\n\n                <\/div>\n                <div class=\"pxl-readmore\">\n                    <a href=\"https:\/\/fimakinsaat.com\/en\/service\/pmt-ve-pmat-katman-uygulamalari\/\"><span>Read More<\/span> <i class=\"fal fa-chevron-right\"><\/i><\/a>\n                <\/div>\n            <\/div>\n        <\/div>\n                    <div class=\"pxl-grid-item col-xl-4 col-lg-4 col-md-6 col-sm-6 col-12\">\n                <div class=\"pxl-item--inner\">\n                    <div class=\"pxl-item--image hover-imge-effect4\">\n                        <div class=\"wrap-feature\">\n                            <a href=\"https:\/\/fimakinsaat.com\/en\/service\/karayolu-ustyapi-isleri\/\"><img loading=\"lazy\" decoding=\"async\" class=\"no-lazyload\" src=\"https:\/\/fimakinsaat.com\/wp-content\/uploads\/2022\/08\/Asfalt-ve-Zemin-Uygulamalari-650x530.jpg\" width=\"650\" height=\"530\" alt=\"Asfalt ve Zemin Uygulamalar\u0131\" title=\"Asphalt and Ground Applications\" \/><\/a>\n                        <\/div>\n\n                    <\/div>\n                    <div class=\"pxl-item--holder\">\n                                                    <div class=\"item--icon icon-psb\"><i class=\"flaticon flaticon-server\"><\/i><\/div>\n                                                                        <h3 class=\"pxl-item--title\">\n                            <a href=\"https:\/\/fimakinsaat.com\/en\/service\/karayolu-ustyapi-isleri\/\">\n                             Highway Superstructure Works                         <\/a>\n                     <\/h3>\n                     <div class=\"content-excerpt\">\n                        We carry out the application of PMT and PMAT layers on highway routes, asphalt paving, curb and parquet paving works and superstructure connections of bridges and tunnel approaches.                    <\/div>\n\n                <\/div>\n                <div class=\"pxl-readmore\">\n                    <a href=\"https:\/\/fimakinsaat.com\/en\/service\/karayolu-ustyapi-isleri\/\"><span>Read More<\/span> <i class=\"fal fa-chevron-right\"><\/i><\/a>\n                <\/div>\n            <\/div>\n        <\/div>\n                    <div class=\"pxl-grid-item col-xl-4 col-lg-4 col-md-6 col-sm-6 col-12\">\n                <div class=\"pxl-item--inner\">\n                    <div class=\"pxl-item--image hover-imge-effect4\">\n                        <div class=\"wrap-feature\">\n                            <a href=\"https:\/\/fimakinsaat.com\/en\/service\/demiryolu-ust-yapi-projeleri\/\"><img loading=\"lazy\" decoding=\"async\" class=\"no-lazyload\" src=\"https:\/\/fimakinsaat.com\/wp-content\/uploads\/2022\/08\/proyapi-project34943481-720x530.jpg\" width=\"720\" height=\"530\" alt=\"proyapi-project34943481\" title=\"proyapi-project34943481\" \/><\/a>\n                        <\/div>\n\n                    <\/div>\n                    <div class=\"pxl-item--holder\">\n                                                    <div class=\"item--icon icon-psb\"><i class=\"flaticon flaticon-roof-2\"><\/i><\/div>\n                                                                        <h3 class=\"pxl-item--title\">\n                            <a href=\"https:\/\/fimakinsaat.com\/en\/service\/demiryolu-ust-yapi-projeleri\/\">\n                             Railway Superstructure Projects                         <\/a>\n                     <\/h3>\n                     <div class=\"content-excerpt\">\n                        We play an active role in all railway superstructure processes such as ballast laying, sub-rail layer preparation, PMT application and track paving.                    <\/div>\n\n                <\/div>\n                <div class=\"pxl-readmore\">\n                    <a href=\"https:\/\/fimakinsaat.com\/en\/service\/demiryolu-ust-yapi-projeleri\/\"><span>Read More<\/span> <i class=\"fal fa-chevron-right\"><\/i><\/a>\n                <\/div>\n            <\/div>\n        <\/div>\n                    <div class=\"pxl-grid-item col-xl-4 col-lg-4 col-md-6 col-sm-6 col-12\">\n                <div class=\"pxl-item--inner\">\n                    <div class=\"pxl-item--image hover-imge-effect4\">\n                        <div class=\"wrap-feature\">\n                            <a href=\"https:\/\/fimakinsaat.com\/en\/service\/kopru-ve-tunel-yaklasimlari\/\"><img loading=\"lazy\" decoding=\"async\" class=\"no-lazyload\" src=\"https:\/\/fimakinsaat.com\/wp-content\/uploads\/2022\/08\/tunel-2147042-740x530.jpg\" width=\"740\" height=\"530\" alt=\"tunel-2147042\" title=\"tunel-2147042\" \/><\/a>\n                        <\/div>\n\n                    <\/div>\n                    <div class=\"pxl-item--holder\">\n                                                    <div class=\"item--icon icon-psb\"><i class=\"flaticon flaticon-roof-6\"><\/i><\/div>\n                                                                        <h3 class=\"pxl-item--title\">\n                            <a href=\"https:\/\/fimakinsaat.com\/en\/service\/kopru-ve-tunel-yaklasimlari\/\">\n                             Bridge and Tunnel Approaches                         <\/a>\n                     <\/h3>\n                     <div class=\"content-excerpt\">\n                        We offer specialized application solutions for the preparation of bridge and tunnel entrance and exit ramps and their environmental integration.                    <\/div>\n\n                <\/div>\n                <div class=\"pxl-readmore\">\n                    <a href=\"https:\/\/fimakinsaat.com\/en\/service\/kopru-ve-tunel-yaklasimlari\/\"><span>Read More<\/span> <i class=\"fal fa-chevron-right\"><\/i><\/a>\n                <\/div>\n            <\/div>\n        <\/div>\n            <\/div>\r\n        <\/div>\t\t\t\t<\/div>\n\t\t\t\t<\/div>\n\t\t            <\/div>\r\n        <\/div>\r\n        \t\t\t<\/div>\n\t\t<\/section>\n\t\t\t\t<\/div>","protected":false},"excerpt":{"rendered":"<p>Faaliyet Alanlar\u0131m\u0131z Yol ve \u00dcstyap\u0131 \u00c7\u00f6z\u00fcmleri Karayolu ve demiryolu projelerinde kapsaml\u0131 \u00fcstyap\u0131 uygulamalar\u0131 sunuyoruz. Read More Asfalt ve Zemin Uygulamalar\u0131 Her zemine uygun, h\u0131zl\u0131 ve kaliteli asfalt \u00e7\u00f6z\u00fcmleri \u00fcretiyoruz. Read More Makine Park\u0131 ve Uygulama G\u00fcc\u00fc Modern ekipmanlar\u0131m\u0131zla sahada etkin ve g\u00fcvenilir uygulamalar ger\u00e7ekle\u015ftiriyoruz. Read More<\/p>","protected":false},"author":1,"featured_media":0,"parent":0,"menu_order":0,"comment_status":"closed","ping_status":"closed","template":"","meta":{"footnotes":""},"class_list":["post-2794","page","type-page","status-publish","hentry"],"yoast_head":"<!-- This site is optimized with the Yoast SEO plugin v26.7 - https:\/\/yoast.com\/wordpress\/plugins\/seo\/ -->\n<title>Faaliyet Alanlar\u0131m\u0131z - Fimak \u0130n\u015faat<\/title>\n<meta name=\"robots\" content=\"index, follow, max-snippet:-1, max-image-preview:large, max-video-preview:-1\" \/>\n<link rel=\"canonical\" href=\"https:\/\/fimakinsaat.com\/en\/faaliyet-alanlarimiz\/\" \/>\n<meta property=\"og:locale\" content=\"en_US\" \/>\n<meta property=\"og:type\" content=\"article\" \/>\n<meta property=\"og:title\" content=\"Faaliyet Alanlar\u0131m\u0131z - Fimak \u0130n\u015faat\" \/>\n<meta property=\"og:description\" content=\"Faaliyet Alanlar\u0131m\u0131z Yol ve \u00dcstyap\u0131 \u00c7\u00f6z\u00fcmleri Karayolu ve demiryolu projelerinde kapsaml\u0131 \u00fcstyap\u0131 uygulamalar\u0131 sunuyoruz. Read More Asfalt ve Zemin Uygulamalar\u0131 Her zemine uygun, h\u0131zl\u0131 ve kaliteli asfalt \u00e7\u00f6z\u00fcmleri \u00fcretiyoruz. Read More Makine Park\u0131 ve Uygulama G\u00fcc\u00fc Modern ekipmanlar\u0131m\u0131zla sahada etkin ve g\u00fcvenilir uygulamalar ger\u00e7ekle\u015ftiriyoruz. Read More\" \/>\n<meta property=\"og:url\" content=\"https:\/\/fimakinsaat.com\/en\/faaliyet-alanlarimiz\/\" \/>\n<meta property=\"og:site_name\" content=\"Fimak \u0130n\u015faat\" \/>\n<meta property=\"article:modified_time\" content=\"2025-06-23T20:48:57+00:00\" \/>\n<meta property=\"og:image\" content=\"https:\/\/fimakinsaat.com\/wp-content\/uploads\/2022\/08\/Yol-ve-Ustyapi-Cozumleri-650x530.jpg\" \/>\n<meta name=\"twitter:card\" content=\"summary_large_image\" \/>\n<script type=\"application\/ld+json\" class=\"yoast-schema-graph\">{\"@context\":\"https:\/\/schema.org\",\"@graph\":[{\"@type\":\"WebPage\",\"@id\":\"https:\/\/fimakinsaat.com\/faaliyet-alanlarimiz\/\",\"url\":\"https:\/\/fimakinsaat.com\/faaliyet-alanlarimiz\/\",\"name\":\"Faaliyet Alanlar\u0131m\u0131z - Fimak \u0130n\u015faat\",\"isPartOf\":{\"@id\":\"https:\/\/fimakinsaat.com\/#website\"},\"primaryImageOfPage\":{\"@id\":\"https:\/\/fimakinsaat.com\/faaliyet-alanlarimiz\/#primaryimage\"},\"image\":{\"@id\":\"https:\/\/fimakinsaat.com\/faaliyet-alanlarimiz\/#primaryimage\"},\"thumbnailUrl\":\"https:\/\/fimakinsaat.com\/wp-content\/uploads\/2022\/08\/Yol-ve-Ustyapi-Cozumleri-650x530.jpg\",\"datePublished\":\"2022-08-22T07:01:22+00:00\",\"dateModified\":\"2025-06-23T20:48:57+00:00\",\"breadcrumb\":{\"@id\":\"https:\/\/fimakinsaat.com\/faaliyet-alanlarimiz\/#breadcrumb\"},\"inLanguage\":\"en-US\",\"potentialAction\":[{\"@type\":\"ReadAction\",\"target\":[\"https:\/\/fimakinsaat.com\/faaliyet-alanlarimiz\/\"]}]},{\"@type\":\"ImageObject\",\"inLanguage\":\"en-US\",\"@id\":\"https:\/\/fimakinsaat.com\/faaliyet-alanlarimiz\/#primaryimage\",\"url\":\"https:\/\/fimakinsaat.com\/wp-content\/uploads\/2022\/08\/Yol-ve-Ustyapi-Cozumleri-650x530.jpg\",\"contentUrl\":\"https:\/\/fimakinsaat.com\/wp-content\/uploads\/2022\/08\/Yol-ve-Ustyapi-Cozumleri-650x530.jpg\"},{\"@type\":\"BreadcrumbList\",\"@id\":\"https:\/\/fimakinsaat.com\/faaliyet-alanlarimiz\/#breadcrumb\",\"itemListElement\":[{\"@type\":\"ListItem\",\"position\":1,\"name\":\"Anasayfa\",\"item\":\"https:\/\/fimakinsaat.com\/\"},{\"@type\":\"ListItem\",\"position\":2,\"name\":\"Faaliyet Alanlar\u0131m\u0131z\"}]},{\"@type\":\"WebSite\",\"@id\":\"https:\/\/fimakinsaat.com\/#website\",\"url\":\"https:\/\/fimakinsaat.com\/\",\"name\":\"Fimak \u0130n\u015faat\",\"description\":\"Her Katmanda Kalite, Her Metrede G\u00fcven.\",\"publisher\":{\"@id\":\"https:\/\/fimakinsaat.com\/#organization\"},\"potentialAction\":[{\"@type\":\"SearchAction\",\"target\":{\"@type\":\"EntryPoint\",\"urlTemplate\":\"https:\/\/fimakinsaat.com\/?s={search_term_string}\"},\"query-input\":{\"@type\":\"PropertyValueSpecification\",\"valueRequired\":true,\"valueName\":\"search_term_string\"}}],\"inLanguage\":\"en-US\"},{\"@type\":\"Organization\",\"@id\":\"https:\/\/fimakinsaat.com\/#organization\",\"name\":\"Fimak \u0130n\u015faat\",\"url\":\"https:\/\/fimakinsaat.com\/\",\"logo\":{\"@type\":\"ImageObject\",\"inLanguage\":\"en-US\",\"@id\":\"https:\/\/fimakinsaat.com\/#\/schema\/logo\/image\/\",\"url\":\"https:\/\/fimakinsaat.com\/wp-content\/uploads\/2023\/03\/Fimak-Logo2-png-scaled.png\",\"contentUrl\":\"https:\/\/fimakinsaat.com\/wp-content\/uploads\/2023\/03\/Fimak-Logo2-png-scaled.png\",\"width\":2560,\"height\":1761,\"caption\":\"Fimak \u0130n\u015faat\"},\"image\":{\"@id\":\"https:\/\/fimakinsaat.com\/#\/schema\/logo\/image\/\"}}]}<\/script>\n<!-- \/ Yoast SEO plugin. -->","yoast_head_json":{"title":"Faaliyet Alanlar\u0131m\u0131z - Fimak \u0130n\u015faat","robots":{"index":"index","follow":"follow","max-snippet":"max-snippet:-1","max-image-preview":"max-image-preview:large","max-video-preview":"max-video-preview:-1"},"canonical":"https:\/\/fimakinsaat.com\/en\/faaliyet-alanlarimiz\/","og_locale":"en_US","og_type":"article","og_title":"Faaliyet Alanlar\u0131m\u0131z - Fimak \u0130n\u015faat","og_description":"Faaliyet Alanlar\u0131m\u0131z Yol ve \u00dcstyap\u0131 \u00c7\u00f6z\u00fcmleri Karayolu ve demiryolu projelerinde kapsaml\u0131 \u00fcstyap\u0131 uygulamalar\u0131 sunuyoruz. Read More Asfalt ve Zemin Uygulamalar\u0131 Her zemine uygun, h\u0131zl\u0131 ve kaliteli asfalt \u00e7\u00f6z\u00fcmleri \u00fcretiyoruz. Read More Makine Park\u0131 ve Uygulama G\u00fcc\u00fc Modern ekipmanlar\u0131m\u0131zla sahada etkin ve g\u00fcvenilir uygulamalar ger\u00e7ekle\u015ftiriyoruz. Read More","og_url":"https:\/\/fimakinsaat.com\/en\/faaliyet-alanlarimiz\/","og_site_name":"Fimak \u0130n\u015faat","article_modified_time":"2025-06-23T20:48:57+00:00","og_image":[{"url":"https:\/\/fimakinsaat.com\/wp-content\/uploads\/2022\/08\/Yol-ve-Ustyapi-Cozumleri-650x530.jpg","type":"","width":"","height":""}],"twitter_card":"summary_large_image","schema":{"@context":"https:\/\/schema.org","@graph":[{"@type":"WebPage","@id":"https:\/\/fimakinsaat.com\/faaliyet-alanlarimiz\/","url":"https:\/\/fimakinsaat.com\/faaliyet-alanlarimiz\/","name":"Faaliyet Alanlar\u0131m\u0131z - Fimak \u0130n\u015faat","isPartOf":{"@id":"https:\/\/fimakinsaat.com\/#website"},"primaryImageOfPage":{"@id":"https:\/\/fimakinsaat.com\/faaliyet-alanlarimiz\/#primaryimage"},"image":{"@id":"https:\/\/fimakinsaat.com\/faaliyet-alanlarimiz\/#primaryimage"},"thumbnailUrl":"https:\/\/fimakinsaat.com\/wp-content\/uploads\/2022\/08\/Yol-ve-Ustyapi-Cozumleri-650x530.jpg","datePublished":"2022-08-22T07:01:22+00:00","dateModified":"2025-06-23T20:48:57+00:00","breadcrumb":{"@id":"https:\/\/fimakinsaat.com\/faaliyet-alanlarimiz\/#breadcrumb"},"inLanguage":"en-US","potentialAction":[{"@type":"ReadAction","target":["https:\/\/fimakinsaat.com\/faaliyet-alanlarimiz\/"]}]},{"@type":"ImageObject","inLanguage":"en-US","@id":"https:\/\/fimakinsaat.com\/faaliyet-alanlarimiz\/#primaryimage","url":"https:\/\/fimakinsaat.com\/wp-content\/uploads\/2022\/08\/Yol-ve-Ustyapi-Cozumleri-650x530.jpg","contentUrl":"https:\/\/fimakinsaat.com\/wp-content\/uploads\/2022\/08\/Yol-ve-Ustyapi-Cozumleri-650x530.jpg"},{"@type":"BreadcrumbList","@id":"https:\/\/fimakinsaat.com\/faaliyet-alanlarimiz\/#breadcrumb","itemListElement":[{"@type":"ListItem","position":1,"name":"Anasayfa","item":"https:\/\/fimakinsaat.com\/"},{"@type":"ListItem","position":2,"name":"Faaliyet Alanlar\u0131m\u0131z"}]},{"@type":"WebSite","@id":"https:\/\/fimakinsaat.com\/#website","url":"https:\/\/fimakinsaat.com\/","name":"Fimak Construction","description":"Quality in Every Layer, Trust in Every Meter.","publisher":{"@id":"https:\/\/fimakinsaat.com\/#organization"},"potentialAction":[{"@type":"SearchAction","target":{"@type":"EntryPoint","urlTemplate":"https:\/\/fimakinsaat.com\/?s={search_term_string}"},"query-input":{"@type":"PropertyValueSpecification","valueRequired":true,"valueName":"search_term_string"}}],"inLanguage":"en-US"},{"@type":"Organization","@id":"https:\/\/fimakinsaat.com\/#organization","name":"Fimak Construction","url":"https:\/\/fimakinsaat.com\/","logo":{"@type":"ImageObject","inLanguage":"en-US","@id":"https:\/\/fimakinsaat.com\/#\/schema\/logo\/image\/","url":"https:\/\/fimakinsaat.com\/wp-content\/uploads\/2023\/03\/Fimak-Logo2-png-scaled.png","contentUrl":"https:\/\/fimakinsaat.com\/wp-content\/uploads\/2023\/03\/Fimak-Logo2-png-scaled.png","width":2560,"height":1761,"caption":"Fimak \u0130n\u015faat"},"image":{"@id":"https:\/\/fimakinsaat.com\/#\/schema\/logo\/image\/"}}]}},"_links":{"self":[{"href":"https:\/\/fimakinsaat.com\/en\/wp-json\/wp\/v2\/pages\/2794","targetHints":{"allow":["GET"]}}],"collection":[{"href":"https:\/\/fimakinsaat.com\/en\/wp-json\/wp\/v2\/pages"}],"about":[{"href":"https:\/\/fimakinsaat.com\/en\/wp-json\/wp\/v2\/types\/page"}],"author":[{"embeddable":true,"href":"https:\/\/fimakinsaat.com\/en\/wp-json\/wp\/v2\/users\/1"}],"replies":[{"embeddable":true,"href":"https:\/\/fimakinsaat.com\/en\/wp-json\/wp\/v2\/comments?post=2794"}],"version-history":[{"count":14,"href":"https:\/\/fimakinsaat.com\/en\/wp-json\/wp\/v2\/pages\/2794\/revisions"}],"predecessor-version":[{"id":11394,"href":"https:\/\/fimakinsaat.com\/en\/wp-json\/wp\/v2\/pages\/2794\/revisions\/11394"}],"wp:attachment":[{"href":"https:\/\/fimakinsaat.com\/en\/wp-json\/wp\/v2\/media?parent=2794"}],"curies":[{"name":"wp","href":"https:\/\/api.w.org\/{rel}","templated":true}]}}