{"id":2799,"date":"2022-08-22T07:03:35","date_gmt":"2022-08-22T07:03:35","guid":{"rendered":"https:\/\/demo.casethemes.net\/roofex\/?page_id=2799"},"modified":"2025-06-23T23:34:15","modified_gmt":"2025-06-23T23:34:15","slug":"tamamlanmis-projeler","status":"publish","type":"page","link":"https:\/\/fimakinsaat.com\/en\/tamamlanmis-projeler\/","title":{"rendered":"Completed Projects"},"content":{"rendered":"<div data-elementor-type=\"wp-page\" data-elementor-id=\"2799\" class=\"elementor elementor-2799\">\n\t\t\t\t        <section class=\"elementor-section elementor-top-section elementor-element elementor-element-2722f90 elementor-section-boxed elementor-section-height-default elementor-section-height-default pxl-type-header-none pxl-bg-color-none parallax-none pxl-row-scroll-none\" data-id=\"2722f90\" data-element_type=\"section\">\n\n                \n                <div class=\"elementor-container elementor-column-gap-default\">\n                <div class=\"elementor-column elementor-col-100 elementor-top-column elementor-element elementor-element-3180e61 pxl_section_offset-none parallax-none pxl-container-width-container-1200 pxl-col-none pxl-column-none\" data-id=\"3180e61\" data-element_type=\"column\">\r\n        <div class=\"elementor-widget-wrap elementor-element-populated\">\r\n                     \r\n        \t\t<div class=\"elementor-element elementor-element-4d1300b pxl-post-layout-portfolio-5 elementor-widget elementor-widget-pxl_post_grid\" data-id=\"4d1300b\" data-element_type=\"widget\" data-widget_type=\"pxl_post_grid.default\">\n\t\t\t\t<div class=\"elementor-widget-container\">\n\t\t\t\t\t\r\n<div id=\"pxl_post_grid-4d1300b-5693\" class=\"pxl-grid pxl-portfolio-grid pxl-portfolio-grid-layout5\" data-layout=\"masonry\" data-start-page=\"1\" data-max-pages=\"4\" data-total=\"20\" data-perpage=\"6\" data-next-link=\"https:\/\/fimakinsaat.com\/en\/wp-json\/wp\/v2\/pages\/2799\/page\/2\/\">\r\n    \r\n    <div class=\"pxl-grid-inner pxl-grid-masonry row\" data-gutter=\"15\">\r\n        <div class=\"grid-sizer col-xl-4 col-lg-4 col-md-6 col-sm-6 col-12\"><\/div>\r\n        \n            <div class=\"pxl-grid-item col-xl-4 col-lg-4 col-md-6 col-sm-6 col-12 tamamlanan-projeler\" data-wow-duration=\"1.2s\">\n                <div class=\"pxl-item--inner\" data-tilt data-tilt-max=\"5\"  data-tilt-transition=\"true\">\n                    <div class=\"pxl-item--image\">\n                        <a href=\"https:\/\/fimakinsaat.com\/en\/portfolio\/ankara-golbasi-belediyesi-yol-projeleri\/\"><img fetchpriority=\"high\" decoding=\"async\" class=\"no-lazyload\" src=\"https:\/\/fimakinsaat.com\/wp-content\/uploads\/2025\/06\/tamamlanan-332x468.jpg\" width=\"332\" height=\"468\" alt=\"tamamlanan\" title=\"completed\" \/><\/a>\n                    <\/div>\n                    <div class=\"pxl-item--holder\">\n                                                                            <div class=\"pxl-item--category\">\n                                <a href=\"https:\/\/fimakinsaat.com\/en\/portfolio-category\/tamamlanan-projeler\/\" rel=\"tag\">Completed Projects<\/a>                            <\/div>\n                                                <h3 class=\"pxl-item--title\">\n                            <a href=\"https:\/\/fimakinsaat.com\/en\/portfolio\/ankara-golbasi-belediyesi-yol-projeleri\/\">\n                             Ankara \/ Golbasi Municipality Road                         <\/a>\n                     <\/h3>\n                 <\/div>\n             <\/div>\n         <\/div>\n         \n            <div class=\"pxl-grid-item col-xl-4 col-lg-4 col-md-6 col-sm-6 col-12 tamamlanan-projeler\" data-wow-duration=\"1.2s\">\n                <div class=\"pxl-item--inner\" data-tilt data-tilt-max=\"5\"  data-tilt-transition=\"true\">\n                    <div class=\"pxl-item--image\">\n                        <a href=\"https:\/\/fimakinsaat.com\/en\/portfolio\/erzincan-ilic-baraj-santiyesi-tren-yolu-deplase-projesi\/\"><img fetchpriority=\"high\" decoding=\"async\" class=\"no-lazyload\" src=\"https:\/\/fimakinsaat.com\/wp-content\/uploads\/2025\/06\/tamamlanan-332x468.jpg\" width=\"332\" height=\"468\" alt=\"tamamlanan\" title=\"completed\" \/><\/a>\n                    <\/div>\n                    <div class=\"pxl-item--holder\">\n                                                                            <div class=\"pxl-item--category\">\n                                <a href=\"https:\/\/fimakinsaat.com\/en\/portfolio-category\/tamamlanan-projeler\/\" rel=\"tag\">Completed Projects<\/a>                            <\/div>\n                                                <h3 class=\"pxl-item--title\">\n                            <a href=\"https:\/\/fimakinsaat.com\/en\/portfolio\/erzincan-ilic-baraj-santiyesi-tren-yolu-deplase-projesi\/\">\n                             Erzincan \/ Ilic Dam Construction Site                         <\/a>\n                     <\/h3>\n                 <\/div>\n             <\/div>\n         <\/div>\n         \n            <div class=\"pxl-grid-item col-xl-4 col-lg-4 col-md-6 col-sm-6 col-12 tamamlanan-projeler\" data-wow-duration=\"1.2s\">\n                <div class=\"pxl-item--inner\" data-tilt data-tilt-max=\"5\"  data-tilt-transition=\"true\">\n                    <div class=\"pxl-item--image\">\n                        <a href=\"https:\/\/fimakinsaat.com\/en\/portfolio\/kastamonu-tosta-alt-ve-ust-gecit-kopru-yollar\/\"><img fetchpriority=\"high\" decoding=\"async\" class=\"no-lazyload\" src=\"https:\/\/fimakinsaat.com\/wp-content\/uploads\/2025\/06\/tamamlanan-332x468.jpg\" width=\"332\" height=\"468\" alt=\"tamamlanan\" title=\"completed\" \/><\/a>\n                    <\/div>\n                    <div class=\"pxl-item--holder\">\n                                                                            <div class=\"pxl-item--category\">\n                                <a href=\"https:\/\/fimakinsaat.com\/en\/portfolio-category\/tamamlanan-projeler\/\" rel=\"tag\">Completed Projects<\/a>                            <\/div>\n                                                <h3 class=\"pxl-item--title\">\n                            <a href=\"https:\/\/fimakinsaat.com\/en\/portfolio\/kastamonu-tosta-alt-ve-ust-gecit-kopru-yollar\/\">\n                             Kastamonu \/ Tosta Alt and                         <\/a>\n                     <\/h3>\n                 <\/div>\n             <\/div>\n         <\/div>\n         \n            <div class=\"pxl-grid-item col-xl-4 col-lg-4 col-md-6 col-sm-6 col-12 tamamlanan-projeler\" data-wow-duration=\"1.2s\">\n                <div class=\"pxl-item--inner\" data-tilt data-tilt-max=\"5\"  data-tilt-transition=\"true\">\n                    <div class=\"pxl-item--image\">\n                        <a href=\"https:\/\/fimakinsaat.com\/en\/portfolio\/ankara-golbasi-koy-yollari\/\"><img fetchpriority=\"high\" decoding=\"async\" class=\"no-lazyload\" src=\"https:\/\/fimakinsaat.com\/wp-content\/uploads\/2025\/06\/tamamlanan-332x468.jpg\" width=\"332\" height=\"468\" alt=\"tamamlanan\" title=\"completed\" \/><\/a>\n                    <\/div>\n                    <div class=\"pxl-item--holder\">\n                                                                            <div class=\"pxl-item--category\">\n                                <a href=\"https:\/\/fimakinsaat.com\/en\/portfolio-category\/tamamlanan-projeler\/\" rel=\"tag\">Completed Projects<\/a>                            <\/div>\n                                                <h3 class=\"pxl-item--title\">\n                            <a href=\"https:\/\/fimakinsaat.com\/en\/portfolio\/ankara-golbasi-koy-yollari\/\">\n                             Ankara \/ Golbasi Village Roads                         <\/a>\n                     <\/h3>\n                 <\/div>\n             <\/div>\n         <\/div>\n         \n            <div class=\"pxl-grid-item col-xl-4 col-lg-4 col-md-6 col-sm-6 col-12 tamamlanan-projeler\" data-wow-duration=\"1.2s\">\n                <div class=\"pxl-item--inner\" data-tilt data-tilt-max=\"5\"  data-tilt-transition=\"true\">\n                    <div class=\"pxl-item--image\">\n                        <a href=\"https:\/\/fimakinsaat.com\/en\/portfolio\/ankara-bala-koy-yollari\/\"><img fetchpriority=\"high\" decoding=\"async\" class=\"no-lazyload\" src=\"https:\/\/fimakinsaat.com\/wp-content\/uploads\/2025\/06\/tamamlanan-332x468.jpg\" width=\"332\" height=\"468\" alt=\"tamamlanan\" title=\"completed\" \/><\/a>\n                    <\/div>\n                    <div class=\"pxl-item--holder\">\n                                                                            <div class=\"pxl-item--category\">\n                                <a href=\"https:\/\/fimakinsaat.com\/en\/portfolio-category\/tamamlanan-projeler\/\" rel=\"tag\">Completed Projects<\/a>                            <\/div>\n                                                <h3 class=\"pxl-item--title\">\n                            <a href=\"https:\/\/fimakinsaat.com\/en\/portfolio\/ankara-bala-koy-yollari\/\">\n                             Ankara \/ Bala Village Roads                         <\/a>\n                     <\/h3>\n                 <\/div>\n             <\/div>\n         <\/div>\n         \n            <div class=\"pxl-grid-item col-xl-4 col-lg-4 col-md-6 col-sm-6 col-12 tamamlanan-projeler\" data-wow-duration=\"1.2s\">\n                <div class=\"pxl-item--inner\" data-tilt data-tilt-max=\"5\"  data-tilt-transition=\"true\">\n                    <div class=\"pxl-item--image\">\n                        <a href=\"https:\/\/fimakinsaat.com\/en\/portfolio\/istanbul-etiler-ordu-evi-ic-yollari\/\"><img fetchpriority=\"high\" decoding=\"async\" class=\"no-lazyload\" src=\"https:\/\/fimakinsaat.com\/wp-content\/uploads\/2025\/06\/tamamlanan-332x468.jpg\" width=\"332\" height=\"468\" alt=\"tamamlanan\" title=\"completed\" \/><\/a>\n                    <\/div>\n                    <div class=\"pxl-item--holder\">\n                                                                            <div class=\"pxl-item--category\">\n                                <a href=\"https:\/\/fimakinsaat.com\/en\/portfolio-category\/tamamlanan-projeler\/\" rel=\"tag\">Completed Projects<\/a>                            <\/div>\n                                                <h3 class=\"pxl-item--title\">\n                            <a href=\"https:\/\/fimakinsaat.com\/en\/portfolio\/istanbul-etiler-ordu-evi-ic-yollari\/\">\n                             Istanbul \/ Etiler Army House                         <\/a>\n                     <\/h3>\n                 <\/div>\n             <\/div>\n         <\/div>\n             <\/div>\r\n                <div class=\"pxl-load-more\" data-loadmore=\"{&quot;post_type&quot;:&quot;portfolio&quot;,&quot;layout&quot;:&quot;portfolio-5&quot;,&quot;startPage&quot;:1,&quot;maxPages&quot;:4,&quot;total&quot;:20,&quot;perpage&quot;:&quot;6&quot;,&quot;nextLink&quot;:&quot;https:\\\/\\\/fimakinsaat.com\\\/en\\\/wp-json\\\/wp\\\/v2\\\/pages\\\/2799\\\/page\\\/2\\\/&quot;,&quot;source&quot;:[&quot;tamamlanan-projeler|portfolio-category&quot;],&quot;orderby&quot;:&quot;date&quot;,&quot;order&quot;:&quot;desc&quot;,&quot;limit&quot;:&quot;6&quot;,&quot;post_ids&quot;:[],&quot;col_xl&quot;:4,&quot;col_lg&quot;:4,&quot;col_md&quot;:6,&quot;col_sm&quot;:6,&quot;col_xs&quot;:12,&quot;pagination_type&quot;:&quot;loadmore&quot;,&quot;show_category&quot;:&quot;true&quot;,&quot;img_size&quot;:&quot;332x468&quot;,&quot;grid_masonry&quot;:&quot;&quot;,&quot;pxl_animate&quot;:&quot;&quot;,&quot;filter&quot;:&quot;false&quot;,&quot;filter_default_title&quot;:&quot;All&quot;,&quot;show_cat_count&quot;:&quot;1&quot;,&quot;tax&quot;:[&quot;portfolio-category&quot;]}\">\r\n            <span class=\"btn pxl-btn-effect1\">\r\n                Explore More                <i class=\"flaticon-right-arrow-1\"><\/i>\r\n            <\/span>\r\n        <\/div>\r\n    <\/div>\t\t\t\t<\/div>\n\t\t\t\t<\/div>\n\t\t            <\/div>\r\n        <\/div>\r\n        \t\t\t<\/div>\n\t\t<\/section>\n\t\t\t\t<\/div>","protected":false},"excerpt":{"rendered":"<p>Tamamlanan Projeler Ankara \/ G\u00f6lba\u015f\u0131 Belediyesi Yol Tamamlanan Projeler Erzincan \/ \u0130li\u00e7 Baraj \u015eantiyesi Tamamlanan Projeler Kastamonu \/ Tosta Alt ve Tamamlanan Projeler Ankara \/ G\u00f6lba\u015f\u0131 K\u00f6y Yollar\u0131 Tamamlanan Projeler Ankara \/ Bala K\u00f6y Yollar\u0131 Tamamlanan Projeler \u0130stanbul \/ Etiler Ordu Evi Daha Fazlas\u0131n\u0131 Ke\u015ffedin<\/p>","protected":false},"author":1,"featured_media":0,"parent":0,"menu_order":0,"comment_status":"closed","ping_status":"closed","template":"","meta":{"footnotes":""},"class_list":["post-2799","page","type-page","status-publish","hentry"],"yoast_head":"<!-- This site is optimized with the Yoast SEO plugin v26.7 - https:\/\/yoast.com\/wordpress\/plugins\/seo\/ -->\n<title>Tamamlanm\u0131\u015f Projeler - Fimak \u0130n\u015faat<\/title>\n<meta name=\"robots\" content=\"index, follow, max-snippet:-1, max-image-preview:large, max-video-preview:-1\" \/>\n<link rel=\"canonical\" href=\"https:\/\/fimakinsaat.com\/en\/tamamlanmis-projeler\/\" \/>\n<meta property=\"og:locale\" content=\"en_US\" \/>\n<meta property=\"og:type\" content=\"article\" \/>\n<meta property=\"og:title\" content=\"Tamamlanm\u0131\u015f Projeler - Fimak \u0130n\u015faat\" \/>\n<meta property=\"og:description\" content=\"Tamamlanan Projeler Ankara \/ G\u00f6lba\u015f\u0131 Belediyesi Yol Tamamlanan Projeler Erzincan \/ \u0130li\u00e7 Baraj \u015eantiyesi Tamamlanan Projeler Kastamonu \/ Tosta Alt ve Tamamlanan Projeler Ankara \/ G\u00f6lba\u015f\u0131 K\u00f6y Yollar\u0131 Tamamlanan Projeler Ankara \/ Bala K\u00f6y Yollar\u0131 Tamamlanan Projeler \u0130stanbul \/ Etiler Ordu Evi Daha Fazlas\u0131n\u0131 Ke\u015ffedin\" \/>\n<meta property=\"og:url\" content=\"https:\/\/fimakinsaat.com\/en\/tamamlanmis-projeler\/\" \/>\n<meta property=\"og:site_name\" content=\"Fimak \u0130n\u015faat\" \/>\n<meta property=\"article:modified_time\" content=\"2025-06-23T23:34:15+00:00\" \/>\n<meta property=\"og:image\" content=\"https:\/\/fimakinsaat.com\/wp-content\/uploads\/2022\/09\/p2-332x468.jpg\" \/>\n<meta name=\"twitter:card\" content=\"summary_large_image\" \/>\n<script type=\"application\/ld+json\" class=\"yoast-schema-graph\">{\"@context\":\"https:\/\/schema.org\",\"@graph\":[{\"@type\":\"WebPage\",\"@id\":\"https:\/\/fimakinsaat.com\/en\/tamamlanmis-projeler\/\",\"url\":\"https:\/\/fimakinsaat.com\/en\/tamamlanmis-projeler\/\",\"name\":\"Tamamlanm\u0131\u015f Projeler - Fimak \u0130n\u015faat\",\"isPartOf\":{\"@id\":\"https:\/\/fimakinsaat.com\/#website\"},\"primaryImageOfPage\":{\"@id\":\"https:\/\/fimakinsaat.com\/en\/tamamlanmis-projeler\/#primaryimage\"},\"image\":{\"@id\":\"https:\/\/fimakinsaat.com\/en\/tamamlanmis-projeler\/#primaryimage\"},\"thumbnailUrl\":\"https:\/\/fimakinsaat.com\/wp-content\/uploads\/2022\/09\/p2-332x468.jpg\",\"datePublished\":\"2022-08-22T07:03:35+00:00\",\"dateModified\":\"2025-06-23T23:34:15+00:00\",\"breadcrumb\":{\"@id\":\"https:\/\/fimakinsaat.com\/en\/tamamlanmis-projeler\/#breadcrumb\"},\"inLanguage\":\"en-US\",\"potentialAction\":[{\"@type\":\"ReadAction\",\"target\":[\"https:\/\/fimakinsaat.com\/en\/tamamlanmis-projeler\/\"]}]},{\"@type\":\"ImageObject\",\"inLanguage\":\"en-US\",\"@id\":\"https:\/\/fimakinsaat.com\/en\/tamamlanmis-projeler\/#primaryimage\",\"url\":\"https:\/\/fimakinsaat.com\/wp-content\/uploads\/2022\/09\/p2-332x468.jpg\",\"contentUrl\":\"https:\/\/fimakinsaat.com\/wp-content\/uploads\/2022\/09\/p2-332x468.jpg\"},{\"@type\":\"BreadcrumbList\",\"@id\":\"https:\/\/fimakinsaat.com\/en\/tamamlanmis-projeler\/#breadcrumb\",\"itemListElement\":[{\"@type\":\"ListItem\",\"position\":1,\"name\":\"Anasayfa\",\"item\":\"https:\/\/fimakinsaat.com\/\"},{\"@type\":\"ListItem\",\"position\":2,\"name\":\"Tamamlanm\u0131\u015f Projeler\"}]},{\"@type\":\"WebSite\",\"@id\":\"https:\/\/fimakinsaat.com\/#website\",\"url\":\"https:\/\/fimakinsaat.com\/\",\"name\":\"Fimak \u0130n\u015faat\",\"description\":\"Her Katmanda Kalite, Her Metrede G\u00fcven.\",\"publisher\":{\"@id\":\"https:\/\/fimakinsaat.com\/#organization\"},\"potentialAction\":[{\"@type\":\"SearchAction\",\"target\":{\"@type\":\"EntryPoint\",\"urlTemplate\":\"https:\/\/fimakinsaat.com\/?s={search_term_string}\"},\"query-input\":{\"@type\":\"PropertyValueSpecification\",\"valueRequired\":true,\"valueName\":\"search_term_string\"}}],\"inLanguage\":\"en-US\"},{\"@type\":\"Organization\",\"@id\":\"https:\/\/fimakinsaat.com\/#organization\",\"name\":\"Fimak \u0130n\u015faat\",\"url\":\"https:\/\/fimakinsaat.com\/\",\"logo\":{\"@type\":\"ImageObject\",\"inLanguage\":\"en-US\",\"@id\":\"https:\/\/fimakinsaat.com\/#\/schema\/logo\/image\/\",\"url\":\"https:\/\/fimakinsaat.com\/wp-content\/uploads\/2023\/03\/Fimak-Logo2-png-scaled.png\",\"contentUrl\":\"https:\/\/fimakinsaat.com\/wp-content\/uploads\/2023\/03\/Fimak-Logo2-png-scaled.png\",\"width\":2560,\"height\":1761,\"caption\":\"Fimak \u0130n\u015faat\"},\"image\":{\"@id\":\"https:\/\/fimakinsaat.com\/#\/schema\/logo\/image\/\"}}]}<\/script>\n<!-- \/ Yoast SEO plugin. -->","yoast_head_json":{"title":"Tamamlanm\u0131\u015f Projeler - Fimak \u0130n\u015faat","robots":{"index":"index","follow":"follow","max-snippet":"max-snippet:-1","max-image-preview":"max-image-preview:large","max-video-preview":"max-video-preview:-1"},"canonical":"https:\/\/fimakinsaat.com\/en\/tamamlanmis-projeler\/","og_locale":"en_US","og_type":"article","og_title":"Tamamlanm\u0131\u015f Projeler - Fimak \u0130n\u015faat","og_description":"Tamamlanan Projeler Ankara \/ G\u00f6lba\u015f\u0131 Belediyesi Yol Tamamlanan Projeler Erzincan \/ \u0130li\u00e7 Baraj \u015eantiyesi Tamamlanan Projeler Kastamonu \/ Tosta Alt ve Tamamlanan Projeler Ankara \/ G\u00f6lba\u015f\u0131 K\u00f6y Yollar\u0131 Tamamlanan Projeler Ankara \/ Bala K\u00f6y Yollar\u0131 Tamamlanan Projeler \u0130stanbul \/ Etiler Ordu Evi Daha Fazlas\u0131n\u0131 Ke\u015ffedin","og_url":"https:\/\/fimakinsaat.com\/en\/tamamlanmis-projeler\/","og_site_name":"Fimak \u0130n\u015faat","article_modified_time":"2025-06-23T23:34:15+00:00","og_image":[{"url":"https:\/\/fimakinsaat.com\/wp-content\/uploads\/2022\/09\/p2-332x468.jpg","type":"","width":"","height":""}],"twitter_card":"summary_large_image","schema":{"@context":"https:\/\/schema.org","@graph":[{"@type":"WebPage","@id":"https:\/\/fimakinsaat.com\/en\/tamamlanmis-projeler\/","url":"https:\/\/fimakinsaat.com\/en\/tamamlanmis-projeler\/","name":"Tamamlanm\u0131\u015f Projeler - Fimak \u0130n\u015faat","isPartOf":{"@id":"https:\/\/fimakinsaat.com\/#website"},"primaryImageOfPage":{"@id":"https:\/\/fimakinsaat.com\/en\/tamamlanmis-projeler\/#primaryimage"},"image":{"@id":"https:\/\/fimakinsaat.com\/en\/tamamlanmis-projeler\/#primaryimage"},"thumbnailUrl":"https:\/\/fimakinsaat.com\/wp-content\/uploads\/2022\/09\/p2-332x468.jpg","datePublished":"2022-08-22T07:03:35+00:00","dateModified":"2025-06-23T23:34:15+00:00","breadcrumb":{"@id":"https:\/\/fimakinsaat.com\/en\/tamamlanmis-projeler\/#breadcrumb"},"inLanguage":"en-US","potentialAction":[{"@type":"ReadAction","target":["https:\/\/fimakinsaat.com\/en\/tamamlanmis-projeler\/"]}]},{"@type":"ImageObject","inLanguage":"en-US","@id":"https:\/\/fimakinsaat.com\/en\/tamamlanmis-projeler\/#primaryimage","url":"https:\/\/fimakinsaat.com\/wp-content\/uploads\/2022\/09\/p2-332x468.jpg","contentUrl":"https:\/\/fimakinsaat.com\/wp-content\/uploads\/2022\/09\/p2-332x468.jpg"},{"@type":"BreadcrumbList","@id":"https:\/\/fimakinsaat.com\/en\/tamamlanmis-projeler\/#breadcrumb","itemListElement":[{"@type":"ListItem","position":1,"name":"Anasayfa","item":"https:\/\/fimakinsaat.com\/"},{"@type":"ListItem","position":2,"name":"Tamamlanm\u0131\u015f Projeler"}]},{"@type":"WebSite","@id":"https:\/\/fimakinsaat.com\/#website","url":"https:\/\/fimakinsaat.com\/","name":"Fimak Construction","description":"Quality in Every Layer, Trust in Every Meter.","publisher":{"@id":"https:\/\/fimakinsaat.com\/#organization"},"potentialAction":[{"@type":"SearchAction","target":{"@type":"EntryPoint","urlTemplate":"https:\/\/fimakinsaat.com\/?s={search_term_string}"},"query-input":{"@type":"PropertyValueSpecification","valueRequired":true,"valueName":"search_term_string"}}],"inLanguage":"en-US"},{"@type":"Organization","@id":"https:\/\/fimakinsaat.com\/#organization","name":"Fimak Construction","url":"https:\/\/fimakinsaat.com\/","logo":{"@type":"ImageObject","inLanguage":"en-US","@id":"https:\/\/fimakinsaat.com\/#\/schema\/logo\/image\/","url":"https:\/\/fimakinsaat.com\/wp-content\/uploads\/2023\/03\/Fimak-Logo2-png-scaled.png","contentUrl":"https:\/\/fimakinsaat.com\/wp-content\/uploads\/2023\/03\/Fimak-Logo2-png-scaled.png","width":2560,"height":1761,"caption":"Fimak \u0130n\u015faat"},"image":{"@id":"https:\/\/fimakinsaat.com\/#\/schema\/logo\/image\/"}}]}},"_links":{"self":[{"href":"https:\/\/fimakinsaat.com\/en\/wp-json\/wp\/v2\/pages\/2799","targetHints":{"allow":["GET"]}}],"collection":[{"href":"https:\/\/fimakinsaat.com\/en\/wp-json\/wp\/v2\/pages"}],"about":[{"href":"https:\/\/fimakinsaat.com\/en\/wp-json\/wp\/v2\/types\/page"}],"author":[{"embeddable":true,"href":"https:\/\/fimakinsaat.com\/en\/wp-json\/wp\/v2\/users\/1"}],"replies":[{"embeddable":true,"href":"https:\/\/fimakinsaat.com\/en\/wp-json\/wp\/v2\/comments?post=2799"}],"version-history":[{"count":7,"href":"https:\/\/fimakinsaat.com\/en\/wp-json\/wp\/v2\/pages\/2799\/revisions"}],"predecessor-version":[{"id":11614,"href":"https:\/\/fimakinsaat.com\/en\/wp-json\/wp\/v2\/pages\/2799\/revisions\/11614"}],"wp:attachment":[{"href":"https:\/\/fimakinsaat.com\/en\/wp-json\/wp\/v2\/media?parent=2799"}],"curies":[{"name":"wp","href":"https:\/\/api.w.org\/{rel}","templated":true}]}}