{"id":2822,"date":"2022-08-22T07:08:26","date_gmt":"2022-08-22T07:08:26","guid":{"rendered":"https:\/\/demo.casethemes.net\/roofex\/?page_id=2822"},"modified":"2025-06-21T16:59:10","modified_gmt":"2025-06-21T16:59:10","slug":"yazilarimiz","status":"publish","type":"page","link":"https:\/\/fimakinsaat.com\/en\/yazilarimiz\/","title":{"rendered":"Our Articles"},"content":{"rendered":"<div data-elementor-type=\"wp-page\" data-elementor-id=\"2822\" class=\"elementor elementor-2822\">\n\t\t\t\t        <section class=\"elementor-section elementor-top-section elementor-element elementor-element-c54dcfb elementor-section-boxed elementor-section-height-default elementor-section-height-default pxl-type-header-none pxl-bg-color-none parallax-none pxl-row-scroll-none\" data-id=\"c54dcfb\" data-element_type=\"section\">\n\n                \n                <div class=\"elementor-container elementor-column-gap-default\">\n                <div class=\"elementor-column elementor-col-100 elementor-top-column elementor-element elementor-element-2a5a689 pxl_section_offset-none parallax-none pxl-container-width-container-1200 pxl-col-none pxl-column-none\" data-id=\"2a5a689\" data-element_type=\"column\">\r\n        <div class=\"elementor-widget-wrap elementor-element-populated\">\r\n                     \r\n        \t\t<div class=\"elementor-element elementor-element-ccc61d0 pxl-post-layout-post-2 elementor-widget elementor-widget-pxl_post_grid\" data-id=\"ccc61d0\" data-element_type=\"widget\" data-widget_type=\"pxl_post_grid.default\">\n\t\t\t\t<div class=\"elementor-widget-container\">\n\t\t\t\t\t\r\n<div id=\"pxl_post_grid-ccc61d0-8469\" class=\"pxl-grid pxl-blog-grid pxl-blog-grid-layout2\" data-layout=\"masonry\" data-start-page=\"1\" data-max-pages=\"1\" data-total=\"5\" data-perpage=\"6\" data-next-link=\"\">\r\n    \r\n    <div class=\"pxl-grid-inner pxl-grid-masonry row\" data-gutter=\"15\">\r\n        \r\n                    <div class=\"pxl-grid-item col-xl-4 col-lg-4 col-md-6 col-sm-6 col-12\">\n                <div class=\"pxl-item--inner\" data-wow-duration=\"1.2s\">\n                                        <div class=\"pxl-item--image hover-imge-effect2\">\n                        <div class=\"wrap-feature\">\n                            <a href=\"https:\/\/fimakinsaat.com\/en\/surdurulebilirlik-perspektifiyle-yol-ve-demiryolu-projeleri\/\"><img fetchpriority=\"high\" decoding=\"async\" class=\"no-lazyload\" src=\"https:\/\/fimakinsaat.com\/wp-content\/uploads\/2025\/06\/demiryolu-sektoru-surdurulebilirlik-icin-buyuk-adimlar-atiyor-370x250.jpg\" width=\"370\" height=\"250\" alt=\"demiryolu-sektoru-surdurulebilirlik-icin-buyuk-adimlar-atiyor\" title=\"railway-industry-takes-big-steps-for-sustainability\" \/><\/a>\n                                                            <div class=\"pxl-item--date\">\n                                    <div class=\"month-day\">Jun 11<\/div>                                             \n                                    <div class=\"year\">2025<\/div>                                                \n                                <\/div>\n                                                    <\/div>\n\n                    <\/div>\n                                <div class=\"pxl-item--holder\">\n                    <div class=\"pxl-item--category\">\n                        <a href=\"https:\/\/fimakinsaat.com\/en\/category\/uncategorized\/\" rel=\"tag\">Uncategorized<\/a>                    <\/div>\n                <\/div>\n                <div class=\"entry-body\">\n                    <h3 class=\"pxl-item--title\">\n                        <a href=\"https:\/\/fimakinsaat.com\/en\/surdurulebilirlik-perspektifiyle-yol-ve-demiryolu-projeleri\/\">Road and Railway Projects with Sustainability Perspective<\/a>\n                    <\/h3>\n                    <div class=\"pxl-item--holder\">\n                        <div class=\"pxl-item--readmore\">\n                            <a class=\"btn-readmore\" href=\"https:\/\/fimakinsaat.com\/en\/surdurulebilirlik-perspektifiyle-yol-ve-demiryolu-projeleri\/\">\n                                <span>\n                                    Read More                                <\/span>\n                            <\/a>\n                        <\/div>\n                        <div class=\"pxl-item--author\">\n                            <a class=\"pxl-inline-flex\" href=\"https:\/\/fimakinsaat.com\/en\/author\/admin\/\">\n                                <i class=\"fas fa-user\"><\/i>\n                                by<span>admin<\/span>\n                            <\/a>\n                        <\/div>\n                    <\/div>\n                <\/div>\n            <\/div>\n        <\/div>\n                    <div class=\"pxl-grid-item col-xl-4 col-lg-4 col-md-6 col-sm-6 col-12\">\n                <div class=\"pxl-item--inner\" data-wow-duration=\"1.2s\">\n                                        <div class=\"pxl-item--image hover-imge-effect2\">\n                        <div class=\"wrap-feature\">\n                            <a href=\"https:\/\/fimakinsaat.com\/en\/zorlu-saha-kosullarinda-uygulama-stratejileri\/\"><img decoding=\"async\" class=\"no-lazyload\" src=\"https:\/\/fimakinsaat.com\/wp-content\/uploads\/2025\/06\/658e7d890e9cc668541276-scaled-370x250.webp\" width=\"370\" height=\"250\" alt=\"658e7d890e9cc668541276\" title=\"658e7d890e9cc668541276\" \/><\/a>\n                                                            <div class=\"pxl-item--date\">\n                                    <div class=\"month-day\">Jun 01<\/div>                                             \n                                    <div class=\"year\">2025<\/div>                                                \n                                <\/div>\n                                                    <\/div>\n\n                    <\/div>\n                                <div class=\"pxl-item--holder\">\n                    <div class=\"pxl-item--category\">\n                        <a href=\"https:\/\/fimakinsaat.com\/en\/category\/uncategorized\/\" rel=\"tag\">Uncategorized<\/a>                    <\/div>\n                <\/div>\n                <div class=\"entry-body\">\n                    <h3 class=\"pxl-item--title\">\n                        <a href=\"https:\/\/fimakinsaat.com\/en\/zorlu-saha-kosullarinda-uygulama-stratejileri\/\">Implementation Strategies in Challenging Field Conditions<\/a>\n                    <\/h3>\n                    <div class=\"pxl-item--holder\">\n                        <div class=\"pxl-item--readmore\">\n                            <a class=\"btn-readmore\" href=\"https:\/\/fimakinsaat.com\/en\/zorlu-saha-kosullarinda-uygulama-stratejileri\/\">\n                                <span>\n                                    Read More                                <\/span>\n                            <\/a>\n                        <\/div>\n                        <div class=\"pxl-item--author\">\n                            <a class=\"pxl-inline-flex\" href=\"https:\/\/fimakinsaat.com\/en\/author\/admin\/\">\n                                <i class=\"fas fa-user\"><\/i>\n                                by<span>admin<\/span>\n                            <\/a>\n                        <\/div>\n                    <\/div>\n                <\/div>\n            <\/div>\n        <\/div>\n                    <div class=\"pxl-grid-item col-xl-4 col-lg-4 col-md-6 col-sm-6 col-12\">\n                <div class=\"pxl-item--inner\" data-wow-duration=\"1.2s\">\n                                        <div class=\"pxl-item--image hover-imge-effect2\">\n                        <div class=\"wrap-feature\">\n                            <a href=\"https:\/\/fimakinsaat.com\/en\/karayolu-ve-demiryolu-projelerinde-zamaninda-teslimatin-sirlari\/\"><img decoding=\"async\" class=\"no-lazyload\" src=\"https:\/\/fimakinsaat.com\/wp-content\/uploads\/2025\/06\/Zamaninda-Teslimat-Performansi-jpg-370x250.webp\" width=\"370\" height=\"250\" alt=\"Zamaninda-Teslimat-Performansi-jpg\" title=\"On-Time-Delivery-Performance-jpg\" \/><\/a>\n                                                            <div class=\"pxl-item--date\">\n                                    <div class=\"month-day\">Mar 03<\/div>                                             \n                                    <div class=\"year\">2025<\/div>                                                \n                                <\/div>\n                                                    <\/div>\n\n                    <\/div>\n                                <div class=\"pxl-item--holder\">\n                    <div class=\"pxl-item--category\">\n                        <a href=\"https:\/\/fimakinsaat.com\/en\/category\/uncategorized\/\" rel=\"tag\">Uncategorized<\/a>                    <\/div>\n                <\/div>\n                <div class=\"entry-body\">\n                    <h3 class=\"pxl-item--title\">\n                        <a href=\"https:\/\/fimakinsaat.com\/en\/karayolu-ve-demiryolu-projelerinde-zamaninda-teslimatin-sirlari\/\">Secrets of On-Time Delivery in Road and Railway Projects<\/a>\n                    <\/h3>\n                    <div class=\"pxl-item--holder\">\n                        <div class=\"pxl-item--readmore\">\n                            <a class=\"btn-readmore\" href=\"https:\/\/fimakinsaat.com\/en\/karayolu-ve-demiryolu-projelerinde-zamaninda-teslimatin-sirlari\/\">\n                                <span>\n                                    Read More                                <\/span>\n                            <\/a>\n                        <\/div>\n                        <div class=\"pxl-item--author\">\n                            <a class=\"pxl-inline-flex\" href=\"https:\/\/fimakinsaat.com\/en\/author\/admin\/\">\n                                <i class=\"fas fa-user\"><\/i>\n                                by<span>admin<\/span>\n                            <\/a>\n                        <\/div>\n                    <\/div>\n                <\/div>\n            <\/div>\n        <\/div>\n                    <div class=\"pxl-grid-item col-xl-4 col-lg-4 col-md-6 col-sm-6 col-12\">\n                <div class=\"pxl-item--inner\" data-wow-duration=\"1.2s\">\n                                        <div class=\"pxl-item--image hover-imge-effect2\">\n                        <div class=\"wrap-feature\">\n                            <a href=\"https:\/\/fimakinsaat.com\/en\/asfalt-serimi-surecinde-kaliteyi-belirleyen-unsurlar\/\"><img loading=\"lazy\" decoding=\"async\" class=\"no-lazyload\" src=\"https:\/\/fimakinsaat.com\/wp-content\/uploads\/2025\/06\/Asfalt-Fiyatlarini-Belirleyen-Unsurlar-370x250.jpg\" width=\"370\" height=\"250\" alt=\"Asfalt-Fiyatlarini-Belirleyen-Unsurlar\" title=\"Asphalt-Prices-Determining-Factors\" \/><\/a>\n                                                            <div class=\"pxl-item--date\">\n                                    <div class=\"month-day\">Feb 06<\/div>                                             \n                                    <div class=\"year\">2025<\/div>                                                \n                                <\/div>\n                                                    <\/div>\n\n                    <\/div>\n                                <div class=\"pxl-item--holder\">\n                    <div class=\"pxl-item--category\">\n                        <a href=\"https:\/\/fimakinsaat.com\/en\/category\/uncategorized\/\" rel=\"tag\">Uncategorized<\/a>                    <\/div>\n                <\/div>\n                <div class=\"entry-body\">\n                    <h3 class=\"pxl-item--title\">\n                        <a href=\"https:\/\/fimakinsaat.com\/en\/asfalt-serimi-surecinde-kaliteyi-belirleyen-unsurlar\/\">Factors Determining Quality in Asphalt Paving Process<\/a>\n                    <\/h3>\n                    <div class=\"pxl-item--holder\">\n                        <div class=\"pxl-item--readmore\">\n                            <a class=\"btn-readmore\" href=\"https:\/\/fimakinsaat.com\/en\/asfalt-serimi-surecinde-kaliteyi-belirleyen-unsurlar\/\">\n                                <span>\n                                    Read More                                <\/span>\n                            <\/a>\n                        <\/div>\n                        <div class=\"pxl-item--author\">\n                            <a class=\"pxl-inline-flex\" href=\"https:\/\/fimakinsaat.com\/en\/author\/admin\/\">\n                                <i class=\"fas fa-user\"><\/i>\n                                by<span>admin<\/span>\n                            <\/a>\n                        <\/div>\n                    <\/div>\n                <\/div>\n            <\/div>\n        <\/div>\n                    <div class=\"pxl-grid-item col-xl-4 col-lg-4 col-md-6 col-sm-6 col-12\">\n                <div class=\"pxl-item--inner\" data-wow-duration=\"1.2s\">\n                                        <div class=\"pxl-item--image hover-imge-effect2\">\n                        <div class=\"wrap-feature\">\n                            <a href=\"https:\/\/fimakinsaat.com\/en\/genis-ve-modern-makine-parkinin-proje-basarisina-etkisi\/\"><img loading=\"lazy\" decoding=\"async\" class=\"no-lazyload\" src=\"https:\/\/fimakinsaat.com\/wp-content\/uploads\/2025\/06\/projeleri-basariya-ulastiran-5-faktor-896-370x250.webp\" width=\"370\" height=\"250\" alt=\"projeleri-basariya-ulastiran-5-faktor-896\" title=\"projects-success-achieving-5-factors-896\" \/><\/a>\n                                                            <div class=\"pxl-item--date\">\n                                    <div class=\"month-day\">Feb 04<\/div>                                             \n                                    <div class=\"year\">2025<\/div>                                                \n                                <\/div>\n                                                    <\/div>\n\n                    <\/div>\n                                <div class=\"pxl-item--holder\">\n                    <div class=\"pxl-item--category\">\n                        <a href=\"https:\/\/fimakinsaat.com\/en\/category\/uncategorized\/\" rel=\"tag\">Uncategorized<\/a>                    <\/div>\n                <\/div>\n                <div class=\"entry-body\">\n                    <h3 class=\"pxl-item--title\">\n                        <a href=\"https:\/\/fimakinsaat.com\/en\/genis-ve-modern-makine-parkinin-proje-basarisina-etkisi\/\">The Impact of Large and Modern Machine Park on Project Success<\/a>\n                    <\/h3>\n                    <div class=\"pxl-item--holder\">\n                        <div class=\"pxl-item--readmore\">\n                            <a class=\"btn-readmore\" href=\"https:\/\/fimakinsaat.com\/en\/genis-ve-modern-makine-parkinin-proje-basarisina-etkisi\/\">\n                                <span>\n                                    Read More                                <\/span>\n                            <\/a>\n                        <\/div>\n                        <div class=\"pxl-item--author\">\n                            <a class=\"pxl-inline-flex\" href=\"https:\/\/fimakinsaat.com\/en\/author\/admin\/\">\n                                <i class=\"fas fa-user\"><\/i>\n                                by<span>admin<\/span>\n                            <\/a>\n                        <\/div>\n                    <\/div>\n                <\/div>\n            <\/div>\n        <\/div>\n                <div class=\"grid-sizer col-xl-4 col-lg-4 col-md-6 col-sm-6 col-12\"><\/div>\r\n    <\/div>\r\n        <\/div>\t\t\t\t<\/div>\n\t\t\t\t<\/div>\n\t\t            <\/div>\r\n        <\/div>\r\n        \t\t\t<\/div>\n\t\t<\/section>\n\t\t\t\t<\/div>","protected":false},"excerpt":{"rendered":"<p>Sep 12 2022 Business Why Roofing are factmake 10 Reason Easier Read More bynycreno Aug 17 2022 Business A Private Limited is the most popular type of partnership . Read More bynycreno Aug 17 2022 Business Why Roofing are factmake 10 Reason Easier Read More bynycreno Aug 17 2022 Business One CEO describe that goes [&hellip;]<\/p>","protected":false},"author":1,"featured_media":0,"parent":0,"menu_order":0,"comment_status":"closed","ping_status":"closed","template":"","meta":{"footnotes":""},"class_list":["post-2822","page","type-page","status-publish","hentry"],"yoast_head":"<!-- This site is optimized with the Yoast SEO plugin v26.7 - https:\/\/yoast.com\/wordpress\/plugins\/seo\/ -->\n<title>Yaz\u0131lar\u0131m\u0131z - Fimak \u0130n\u015faat<\/title>\n<meta name=\"robots\" content=\"index, follow, max-snippet:-1, max-image-preview:large, max-video-preview:-1\" \/>\n<link rel=\"canonical\" href=\"https:\/\/fimakinsaat.com\/en\/yazilarimiz\/\" \/>\n<meta property=\"og:locale\" content=\"en_US\" \/>\n<meta property=\"og:type\" content=\"article\" \/>\n<meta property=\"og:title\" content=\"Yaz\u0131lar\u0131m\u0131z - Fimak \u0130n\u015faat\" \/>\n<meta property=\"og:description\" content=\"Sep 12 2022 Business Why Roofing are factmake 10 Reason Easier Read More bynycreno Aug 17 2022 Business A Private Limited is the most popular type of partnership . Read More bynycreno Aug 17 2022 Business Why Roofing are factmake 10 Reason Easier Read More bynycreno Aug 17 2022 Business One CEO describe that goes [&hellip;]\" \/>\n<meta property=\"og:url\" content=\"https:\/\/fimakinsaat.com\/en\/yazilarimiz\/\" \/>\n<meta property=\"og:site_name\" content=\"Fimak \u0130n\u015faat\" \/>\n<meta property=\"article:modified_time\" content=\"2025-06-21T16:59:10+00:00\" \/>\n<meta property=\"og:image\" content=\"https:\/\/fimakinsaat.com\/wp-content\/uploads\/2022\/09\/portfolio8-370x250.jpg\" \/>\n<meta name=\"twitter:card\" content=\"summary_large_image\" \/>\n<script type=\"application\/ld+json\" class=\"yoast-schema-graph\">{\"@context\":\"https:\/\/schema.org\",\"@graph\":[{\"@type\":\"WebPage\",\"@id\":\"https:\/\/fimakinsaat.com\/en\/yazilarimiz\/\",\"url\":\"https:\/\/fimakinsaat.com\/en\/yazilarimiz\/\",\"name\":\"Yaz\u0131lar\u0131m\u0131z - Fimak \u0130n\u015faat\",\"isPartOf\":{\"@id\":\"https:\/\/fimakinsaat.com\/#website\"},\"primaryImageOfPage\":{\"@id\":\"https:\/\/fimakinsaat.com\/en\/yazilarimiz\/#primaryimage\"},\"image\":{\"@id\":\"https:\/\/fimakinsaat.com\/en\/yazilarimiz\/#primaryimage\"},\"thumbnailUrl\":\"https:\/\/fimakinsaat.com\/wp-content\/uploads\/2022\/09\/portfolio8-370x250.jpg\",\"datePublished\":\"2022-08-22T07:08:26+00:00\",\"dateModified\":\"2025-06-21T16:59:10+00:00\",\"breadcrumb\":{\"@id\":\"https:\/\/fimakinsaat.com\/en\/yazilarimiz\/#breadcrumb\"},\"inLanguage\":\"en-US\",\"potentialAction\":[{\"@type\":\"ReadAction\",\"target\":[\"https:\/\/fimakinsaat.com\/en\/yazilarimiz\/\"]}]},{\"@type\":\"ImageObject\",\"inLanguage\":\"en-US\",\"@id\":\"https:\/\/fimakinsaat.com\/en\/yazilarimiz\/#primaryimage\",\"url\":\"https:\/\/fimakinsaat.com\/wp-content\/uploads\/2022\/09\/portfolio8-370x250.jpg\",\"contentUrl\":\"https:\/\/fimakinsaat.com\/wp-content\/uploads\/2022\/09\/portfolio8-370x250.jpg\"},{\"@type\":\"BreadcrumbList\",\"@id\":\"https:\/\/fimakinsaat.com\/en\/yazilarimiz\/#breadcrumb\",\"itemListElement\":[{\"@type\":\"ListItem\",\"position\":1,\"name\":\"Anasayfa\",\"item\":\"https:\/\/fimakinsaat.com\/\"},{\"@type\":\"ListItem\",\"position\":2,\"name\":\"Yaz\u0131lar\u0131m\u0131z\"}]},{\"@type\":\"WebSite\",\"@id\":\"https:\/\/fimakinsaat.com\/#website\",\"url\":\"https:\/\/fimakinsaat.com\/\",\"name\":\"Fimak \u0130n\u015faat\",\"description\":\"Her Katmanda Kalite, Her Metrede G\u00fcven.\",\"publisher\":{\"@id\":\"https:\/\/fimakinsaat.com\/#organization\"},\"potentialAction\":[{\"@type\":\"SearchAction\",\"target\":{\"@type\":\"EntryPoint\",\"urlTemplate\":\"https:\/\/fimakinsaat.com\/?s={search_term_string}\"},\"query-input\":{\"@type\":\"PropertyValueSpecification\",\"valueRequired\":true,\"valueName\":\"search_term_string\"}}],\"inLanguage\":\"en-US\"},{\"@type\":\"Organization\",\"@id\":\"https:\/\/fimakinsaat.com\/#organization\",\"name\":\"Fimak \u0130n\u015faat\",\"url\":\"https:\/\/fimakinsaat.com\/\",\"logo\":{\"@type\":\"ImageObject\",\"inLanguage\":\"en-US\",\"@id\":\"https:\/\/fimakinsaat.com\/#\/schema\/logo\/image\/\",\"url\":\"https:\/\/fimakinsaat.com\/wp-content\/uploads\/2023\/03\/Fimak-Logo2-png-scaled.png\",\"contentUrl\":\"https:\/\/fimakinsaat.com\/wp-content\/uploads\/2023\/03\/Fimak-Logo2-png-scaled.png\",\"width\":2560,\"height\":1761,\"caption\":\"Fimak \u0130n\u015faat\"},\"image\":{\"@id\":\"https:\/\/fimakinsaat.com\/#\/schema\/logo\/image\/\"}}]}<\/script>\n<!-- \/ Yoast SEO plugin. -->","yoast_head_json":{"title":"Yaz\u0131lar\u0131m\u0131z - Fimak \u0130n\u015faat","robots":{"index":"index","follow":"follow","max-snippet":"max-snippet:-1","max-image-preview":"max-image-preview:large","max-video-preview":"max-video-preview:-1"},"canonical":"https:\/\/fimakinsaat.com\/en\/yazilarimiz\/","og_locale":"en_US","og_type":"article","og_title":"Yaz\u0131lar\u0131m\u0131z - Fimak \u0130n\u015faat","og_description":"Sep 12 2022 Business Why Roofing are factmake 10 Reason Easier Read More bynycreno Aug 17 2022 Business A Private Limited is the most popular type of partnership . Read More bynycreno Aug 17 2022 Business Why Roofing are factmake 10 Reason Easier Read More bynycreno Aug 17 2022 Business One CEO describe that goes [&hellip;]","og_url":"https:\/\/fimakinsaat.com\/en\/yazilarimiz\/","og_site_name":"Fimak \u0130n\u015faat","article_modified_time":"2025-06-21T16:59:10+00:00","og_image":[{"url":"https:\/\/fimakinsaat.com\/wp-content\/uploads\/2022\/09\/portfolio8-370x250.jpg","type":"","width":"","height":""}],"twitter_card":"summary_large_image","schema":{"@context":"https:\/\/schema.org","@graph":[{"@type":"WebPage","@id":"https:\/\/fimakinsaat.com\/en\/yazilarimiz\/","url":"https:\/\/fimakinsaat.com\/en\/yazilarimiz\/","name":"Yaz\u0131lar\u0131m\u0131z - Fimak \u0130n\u015faat","isPartOf":{"@id":"https:\/\/fimakinsaat.com\/#website"},"primaryImageOfPage":{"@id":"https:\/\/fimakinsaat.com\/en\/yazilarimiz\/#primaryimage"},"image":{"@id":"https:\/\/fimakinsaat.com\/en\/yazilarimiz\/#primaryimage"},"thumbnailUrl":"https:\/\/fimakinsaat.com\/wp-content\/uploads\/2022\/09\/portfolio8-370x250.jpg","datePublished":"2022-08-22T07:08:26+00:00","dateModified":"2025-06-21T16:59:10+00:00","breadcrumb":{"@id":"https:\/\/fimakinsaat.com\/en\/yazilarimiz\/#breadcrumb"},"inLanguage":"en-US","potentialAction":[{"@type":"ReadAction","target":["https:\/\/fimakinsaat.com\/en\/yazilarimiz\/"]}]},{"@type":"ImageObject","inLanguage":"en-US","@id":"https:\/\/fimakinsaat.com\/en\/yazilarimiz\/#primaryimage","url":"https:\/\/fimakinsaat.com\/wp-content\/uploads\/2022\/09\/portfolio8-370x250.jpg","contentUrl":"https:\/\/fimakinsaat.com\/wp-content\/uploads\/2022\/09\/portfolio8-370x250.jpg"},{"@type":"BreadcrumbList","@id":"https:\/\/fimakinsaat.com\/en\/yazilarimiz\/#breadcrumb","itemListElement":[{"@type":"ListItem","position":1,"name":"Anasayfa","item":"https:\/\/fimakinsaat.com\/"},{"@type":"ListItem","position":2,"name":"Yaz\u0131lar\u0131m\u0131z"}]},{"@type":"WebSite","@id":"https:\/\/fimakinsaat.com\/#website","url":"https:\/\/fimakinsaat.com\/","name":"Fimak Construction","description":"Quality in Every Layer, Trust in Every Meter.","publisher":{"@id":"https:\/\/fimakinsaat.com\/#organization"},"potentialAction":[{"@type":"SearchAction","target":{"@type":"EntryPoint","urlTemplate":"https:\/\/fimakinsaat.com\/?s={search_term_string}"},"query-input":{"@type":"PropertyValueSpecification","valueRequired":true,"valueName":"search_term_string"}}],"inLanguage":"en-US"},{"@type":"Organization","@id":"https:\/\/fimakinsaat.com\/#organization","name":"Fimak Construction","url":"https:\/\/fimakinsaat.com\/","logo":{"@type":"ImageObject","inLanguage":"en-US","@id":"https:\/\/fimakinsaat.com\/#\/schema\/logo\/image\/","url":"https:\/\/fimakinsaat.com\/wp-content\/uploads\/2023\/03\/Fimak-Logo2-png-scaled.png","contentUrl":"https:\/\/fimakinsaat.com\/wp-content\/uploads\/2023\/03\/Fimak-Logo2-png-scaled.png","width":2560,"height":1761,"caption":"Fimak \u0130n\u015faat"},"image":{"@id":"https:\/\/fimakinsaat.com\/#\/schema\/logo\/image\/"}}]}},"_links":{"self":[{"href":"https:\/\/fimakinsaat.com\/en\/wp-json\/wp\/v2\/pages\/2822","targetHints":{"allow":["GET"]}}],"collection":[{"href":"https:\/\/fimakinsaat.com\/en\/wp-json\/wp\/v2\/pages"}],"about":[{"href":"https:\/\/fimakinsaat.com\/en\/wp-json\/wp\/v2\/types\/page"}],"author":[{"embeddable":true,"href":"https:\/\/fimakinsaat.com\/en\/wp-json\/wp\/v2\/users\/1"}],"replies":[{"embeddable":true,"href":"https:\/\/fimakinsaat.com\/en\/wp-json\/wp\/v2\/comments?post=2822"}],"version-history":[{"count":1,"href":"https:\/\/fimakinsaat.com\/en\/wp-json\/wp\/v2\/pages\/2822\/revisions"}],"predecessor-version":[{"id":11183,"href":"https:\/\/fimakinsaat.com\/en\/wp-json\/wp\/v2\/pages\/2822\/revisions\/11183"}],"wp:attachment":[{"href":"https:\/\/fimakinsaat.com\/en\/wp-json\/wp\/v2\/media?parent=2822"}],"curies":[{"name":"wp","href":"https:\/\/api.w.org\/{rel}","templated":true}]}}